{"id":2788,"date":"2021-05-26T12:30:44","date_gmt":"2021-05-26T12:30:44","guid":{"rendered":"http:\/\/aresdijital.com\/?page_id=2788"},"modified":"2021-07-08T11:27:15","modified_gmt":"2021-07-08T11:27:15","slug":"yildiz-dolu-paketi","status":"publish","type":"page","link":"http:\/\/aresdijital.com\/index.php\/yildiz-dolu-paketi\/","title":{"rendered":"Y\u0131ld\u0131z Dolu Paketi"},"content":{"rendered":"<p>[vc_row][vc_column icons_position=&#8221;left&#8221;][vc_row_inner][vc_column_inner width=&#8221;1\/2&#8243; icons_position=&#8221;left&#8221;]<div id=\"sc_title_645075754\"\n\t\tclass=\"sc_title color_style_default sc_title_default\"><h3 class=\"sc_item_title sc_title_title sc_align_left sc_item_title_style_default sc_item_title_tag\">\u0130lk 3 Ay Ayda 79 TL<\/h3><div class=\"sc_item_descr sc_title_descr sc_align_left\"><p>Digiturk\u2019te ne varsa hepsi bu pakette!<\/p>\n<\/div><\/div><!-- \/.sc_title -->[vc_btn title=&#8221;Hemen Ba\u015fvur&#8221; color=&#8221;violet&#8221; size=&#8221;lg&#8221; align=&#8221;left&#8221; i_icon_fontawesome=&#8221;fas fa-check-circle&#8221; add_icon=&#8221;true&#8221; link=&#8221;url:http%3A%2F%2Faresdijital.com%2Findex.php%2Filetisim%2F&#8221;][\/vc_column_inner][vc_column_inner icons_position=&#8221;left&#8221; offset=&#8221;vc_hidden-lg vc_hidden-md vc_hidden-sm&#8221;][vc_empty_space alter_height=&#8221;medium&#8221; hide_on_desktop=&#8221;&#8221; hide_on_notebook=&#8221;&#8221; hide_on_tablet=&#8221;&#8221; hide_on_mobile=&#8221;&#8221;][\/vc_column_inner][vc_column_inner width=&#8221;1\/2&#8243; icons_position=&#8221;left&#8221;]<div  id=\"sc_price_388128134\" \n\tclass=\"sc_price color_style_default sc_price_default\"><div class=\"sc_price_content sc_item_content\"><div class=\"sc_price_item sc_price_item_default\">\n\t\t\t<div class=\"sc_price_item_info\"><h3 class=\"sc_price_item_title\"><span>\u0130lk 3 Ay Ayda Sadece 79 TL<\/span><\/h3><div class=\"sc_price_item_price\"><span class=\"sc_price_item_price_before\">Kalan aylar<\/span><span class=\"sc_price_item_price_value\">184 TL<\/span><\/div><div class=\"sc_price_item_details\"><ul class=\"trx_addons_list trx_addons_list_square\">\n<li>\u00d6d\u00fcll\u00fc ve \u00fcnl\u00fc y\u00f6netmenlerin yeni filmleri, ayda 80 dizi ve tam 800 b\u00f6l\u00fcmle birlikte birbirinden e\u011flenceli \u00e7izgi film, belgesel ve spor kar\u015f\u0131la\u015fmalar\u0131.<\/li>\n<li>S\u00fcper Lig, UEFA \u015eampiyonlar Ligi, UEFA Avrupa Ligi ve \u00e7ok daha fazlas\u0131yla d\u00fcnyan\u0131n sporu!<\/li>\n<li>\u00c7ocuk, Belgesel, E\u011flence ve ya\u015fam programlar\u0131!<\/li>\n<li>beIN CONNECT'le diledi\u011fin zaman diledi\u011fin yerde spor izleme \u00f6zg\u00fcrl\u00fc\u011f\u00fc!<\/li>\n<\/ul><\/div><\/div><!-- \/.sc_price_item_info --><\/div><\/div><\/div><!-- \/.sc_price -->[\/vc_column_inner][\/vc_row_inner][\/vc_column][\/vc_row][vc_row][vc_column icons_position=&#8221;left&#8221;][vc_separator][\/vc_column][\/vc_row][vc_row][vc_column icons_position=&#8221;left&#8221;][vc_column_text]<\/p>\n<p>[\/vc_column_text][\/vc_column][\/vc_row][vc_row][vc_column icons_position=&#8221;left&#8221;]<div id=\"sc_title_877202319\"\n\t\tclass=\"sc_title color_style_default sc_title_default\"><h3 class=\"sc_item_title sc_title_title sc_align_center sc_item_title_style_default\">D\u00fcnyan\u0131n En De\u011ferli Ligleri!<\/h3><\/div><!-- \/.sc_title -->[vc_empty_space alter_height=&#8221;medium&#8221; hide_on_desktop=&#8221;&#8221; hide_on_notebook=&#8221;&#8221; hide_on_tablet=&#8221;&#8221; hide_on_mobile=&#8221;&#8221;][vc_media_grid element_width=&#8221;3&#8243; grid_id=&#8221;vc_gid:1625743586141-ba10dd53-db9d-6&#8243; include=&#8221;2706,2712,2711,2710,2709,2708,2707&#8243;][vc_empty_space alter_height=&#8221;biggest&#8221; hide_on_desktop=&#8221;&#8221; hide_on_notebook=&#8221;&#8221; hide_on_tablet=&#8221;&#8221; hide_on_mobile=&#8221;&#8221;][\/vc_column][\/vc_row]<\/p>\n","protected":false},"excerpt":{"rendered":"<p>[vc_row][vc_column icons_position=&#8221;left&#8221;][vc_row_inner][vc_column_inner width=&#8221;1\/2&#8243; icons_position=&#8221;left&#8221;][vc_btn title=&#8221;Hemen Ba\u015fvur&#8221; color=&#8221;violet&#8221; size=&#8221;lg&#8221; align=&#8221;left&#8221; i_icon_fontawesome=&#8221;fas fa-check-circle&#8221; add_icon=&#8221;true&#8221; link=&#8221;url:http%3A%2F%2Faresdijital.com%2Findex.php%2Filetisim%2F&#8221;][\/vc_column_inner][vc_column_inner icons_position=&#8221;left&#8221; offset=&#8221;vc_hidden-lg vc_hidden-md vc_hidden-sm&#8221;][vc_empty_space alter_height=&#8221;medium&#8221; hide_on_desktop=&#8221;&#8221; hide_on_notebook=&#8221;&#8221; hide_on_tablet=&#8221;&#8221; hide_on_mobile=&#8221;&#8221;][\/vc_column_inner][vc_column_inner width=&#8221;1\/2&#8243; icons_position=&#8221;left&#8221;][\/vc_column_inner][\/vc_row_inner][\/vc_column][\/vc_row][vc_row][vc_column icons_position=&#8221;left&#8221;][vc_separator][\/vc_column][\/vc_row][vc_row][vc_column icons_position=&#8221;left&#8221;][vc_column_text] [\/vc_column_text][\/vc_column][\/vc_row][vc_row][vc_column icons_position=&#8221;left&#8221;][vc_empty_space alter_height=&#8221;medium&#8221; hide_on_desktop=&#8221;&#8221; hide_on_notebook=&#8221;&#8221; hide_on_tablet=&#8221;&#8221; hide_on_mobile=&#8221;&#8221;][vc_media_grid element_width=&#8221;3&#8243; grid_id=&#8221;vc_gid:1625743586141-ba10dd53-db9d-6&#8243; include=&#8221;2706,2712,2711,2710,2709,2708,2707&#8243;][vc_empty_space alter_height=&#8221;biggest&#8221; hide_on_desktop=&#8221;&#8221; hide_on_notebook=&#8221;&#8221; hide_on_tablet=&#8221;&#8221; hide_on_mobile=&#8221;&#8221;][\/vc_column][\/vc_row]<\/p>\n","protected":false},"author":2,"featured_media":0,"parent":0,"menu_order":0,"comment_status":"closed","ping_status":"closed","template":"","meta":[],"yoast_head":"<!-- This site is optimized with the Yoast SEO plugin v16.4 - https:\/\/yoast.com\/wordpress\/plugins\/seo\/ -->\n<title>Y\u0131ld\u0131z Dolu Paketi - Digit&uuml;rk &Uuml;mraniye<\/title>\n<meta name=\"robots\" content=\"index, follow, max-snippet:-1, max-image-preview:large, max-video-preview:-1\" \/>\n<link rel=\"canonical\" href=\"http:\/\/aresdijital.com\/index.php\/yildiz-dolu-paketi\/\" \/>\n<meta property=\"og:locale\" content=\"tr_TR\" \/>\n<meta property=\"og:type\" content=\"article\" \/>\n<meta property=\"og:title\" content=\"Y\u0131ld\u0131z Dolu Paketi - Digit&uuml;rk &Uuml;mraniye\" \/>\n<meta property=\"og:description\" content=\"[vc_row][vc_column icons_position=&#8221;left&#8221;][vc_row_inner][vc_column_inner width=&#8221;1\/2&#8243; icons_position=&#8221;left&#8221;][vc_btn title=&#8221;Hemen Ba\u015fvur&#8221; color=&#8221;violet&#8221; size=&#8221;lg&#8221; align=&#8221;left&#8221; i_icon_fontawesome=&#8221;fas fa-check-circle&#8221; add_icon=&#8221;true&#8221; link=&#8221;url:http%3A%2F%2Faresdijital.com%2Findex.php%2Filetisim%2F&#8221;][\/vc_column_inner][vc_column_inner icons_position=&#8221;left&#8221; offset=&#8221;vc_hidden-lg vc_hidden-md vc_hidden-sm&#8221;][vc_empty_space alter_height=&#8221;medium&#8221; hide_on_desktop=&#8221;&#8221; hide_on_notebook=&#8221;&#8221; hide_on_tablet=&#8221;&#8221; hide_on_mobile=&#8221;&#8221;][\/vc_column_inner][vc_column_inner width=&#8221;1\/2&#8243; icons_position=&#8221;left&#8221;][\/vc_column_inner][\/vc_row_inner][\/vc_column][\/vc_row][vc_row][vc_column icons_position=&#8221;left&#8221;][vc_separator][\/vc_column][\/vc_row][vc_row][vc_column icons_position=&#8221;left&#8221;][vc_column_text] [\/vc_column_text][\/vc_column][\/vc_row][vc_row][vc_column icons_position=&#8221;left&#8221;][vc_empty_space alter_height=&#8221;medium&#8221; hide_on_desktop=&#8221;&#8221; hide_on_notebook=&#8221;&#8221; hide_on_tablet=&#8221;&#8221; hide_on_mobile=&#8221;&#8221;][vc_media_grid element_width=&#8221;3&#8243; grid_id=&#8221;vc_gid:1625743586141-ba10dd53-db9d-6&#8243; include=&#8221;2706,2712,2711,2710,2709,2708,2707&#8243;][vc_empty_space alter_height=&#8221;biggest&#8221; hide_on_desktop=&#8221;&#8221; hide_on_notebook=&#8221;&#8221; hide_on_tablet=&#8221;&#8221; hide_on_mobile=&#8221;&#8221;][\/vc_column][\/vc_row]\" \/>\n<meta property=\"og:url\" content=\"http:\/\/aresdijital.com\/index.php\/yildiz-dolu-paketi\/\" \/>\n<meta property=\"og:site_name\" content=\"Digit&uuml;rk &Uuml;mraniye\" \/>\n<meta property=\"article:modified_time\" content=\"2021-07-08T11:27:15+00:00\" \/>\n<meta name=\"twitter:card\" content=\"summary_large_image\" \/>\n<meta name=\"twitter:label1\" content=\"Tahmini okuma s\u00fcresi\" \/>\n\t<meta name=\"twitter:data1\" content=\"1 dakika\" \/>\n<script type=\"application\/ld+json\" class=\"yoast-schema-graph\">{\"@context\":\"https:\/\/schema.org\",\"@graph\":[{\"@type\":\"Organization\",\"@id\":\"http:\/\/aresdijital.com\/#organization\",\"name\":\"Digit\\u00fcrk \\u00dcmraniye - Ares Dijital\",\"url\":\"http:\/\/aresdijital.com\/\",\"sameAs\":[],\"logo\":{\"@type\":\"ImageObject\",\"@id\":\"http:\/\/aresdijital.com\/#logo\",\"inLanguage\":\"tr\",\"url\":\"http:\/\/aresdijital.com\/wp-content\/uploads\/2017\/08\/ares-dijital-logo.png\",\"contentUrl\":\"http:\/\/aresdijital.com\/wp-content\/uploads\/2017\/08\/ares-dijital-logo.png\",\"width\":292,\"height\":140,\"caption\":\"Digit\\u00fcrk \\u00dcmraniye - Ares Dijital\"},\"image\":{\"@id\":\"http:\/\/aresdijital.com\/#logo\"}},{\"@type\":\"WebSite\",\"@id\":\"http:\/\/aresdijital.com\/#website\",\"url\":\"http:\/\/aresdijital.com\/\",\"name\":\"Digit&uuml;rk &Uuml;mraniye\",\"description\":\"Ares Dijital | Lig TV ve Digit&uuml;rk Bayisi | BeIn\",\"publisher\":{\"@id\":\"http:\/\/aresdijital.com\/#organization\"},\"potentialAction\":[{\"@type\":\"SearchAction\",\"target\":\"http:\/\/aresdijital.com\/?s={search_term_string}\",\"query-input\":\"required name=search_term_string\"}],\"inLanguage\":\"tr\"},{\"@type\":\"WebPage\",\"@id\":\"http:\/\/aresdijital.com\/index.php\/yildiz-dolu-paketi\/#webpage\",\"url\":\"http:\/\/aresdijital.com\/index.php\/yildiz-dolu-paketi\/\",\"name\":\"Y\\u0131ld\\u0131z Dolu Paketi - Digit&uuml;rk &Uuml;mraniye\",\"isPartOf\":{\"@id\":\"http:\/\/aresdijital.com\/#website\"},\"datePublished\":\"2021-05-26T12:30:44+00:00\",\"dateModified\":\"2021-07-08T11:27:15+00:00\",\"breadcrumb\":{\"@id\":\"http:\/\/aresdijital.com\/index.php\/yildiz-dolu-paketi\/#breadcrumb\"},\"inLanguage\":\"tr\",\"potentialAction\":[{\"@type\":\"ReadAction\",\"target\":[\"http:\/\/aresdijital.com\/index.php\/yildiz-dolu-paketi\/\"]}]},{\"@type\":\"BreadcrumbList\",\"@id\":\"http:\/\/aresdijital.com\/index.php\/yildiz-dolu-paketi\/#breadcrumb\",\"itemListElement\":[{\"@type\":\"ListItem\",\"position\":1,\"item\":{\"@type\":\"WebPage\",\"@id\":\"http:\/\/aresdijital.com\/\",\"url\":\"http:\/\/aresdijital.com\/\",\"name\":\"Anasayfa\"}},{\"@type\":\"ListItem\",\"position\":2,\"item\":{\"@id\":\"http:\/\/aresdijital.com\/index.php\/yildiz-dolu-paketi\/#webpage\"}}]}]}<\/script>\n<!-- \/ Yoast SEO plugin. -->","_links":{"self":[{"href":"http:\/\/aresdijital.com\/index.php\/wp-json\/wp\/v2\/pages\/2788"}],"collection":[{"href":"http:\/\/aresdijital.com\/index.php\/wp-json\/wp\/v2\/pages"}],"about":[{"href":"http:\/\/aresdijital.com\/index.php\/wp-json\/wp\/v2\/types\/page"}],"author":[{"embeddable":true,"href":"http:\/\/aresdijital.com\/index.php\/wp-json\/wp\/v2\/users\/2"}],"replies":[{"embeddable":true,"href":"http:\/\/aresdijital.com\/index.php\/wp-json\/wp\/v2\/comments?post=2788"}],"version-history":[{"count":5,"href":"http:\/\/aresdijital.com\/index.php\/wp-json\/wp\/v2\/pages\/2788\/revisions"}],"predecessor-version":[{"id":2955,"href":"http:\/\/aresdijital.com\/index.php\/wp-json\/wp\/v2\/pages\/2788\/revisions\/2955"}],"wp:attachment":[{"href":"http:\/\/aresdijital.com\/index.php\/wp-json\/wp\/v2\/media?parent=2788"}],"curies":[{"name":"wp","href":"https:\/\/api.w.org\/{rel}","templated":true}]}}